{"id":9,"date":"2007-05-19T22:04:15","date_gmt":"2007-05-19T20:04:15","guid":{"rendered":"http:\/\/taeglichfrisch.wordpress.com\/?page_id=9"},"modified":"2025-10-29T13:29:33","modified_gmt":"2025-10-29T12:29:33","slug":"ueber-pr-doktor","status":"publish","type":"page","link":"https:\/\/www.kerstin-hoffmann.de\/pr-doktor\/ueber-pr-doktor\/","title":{"rendered":"\u00dcber PR-Doktor"},"content":{"rendered":"<div id='av-layout-grid-1'  class='av-layout-grid-container av-6o3v-976a9c17449b47e7a8cb8509bb78a612 entry-content-wrapper main_color av-flex-cells  avia-builder-el-0  el_before_av_one_full  avia-builder-el-first   container_wrap fullsize'  >\n<div class='flex_cell av-i5b-20bcf9170770a311acc31d09ccc0ed6b av-gridrow-cell av_one_half no_margin  avia-builder-el-1  el_before_av_cell_one_half  avia-builder-el-first '  ><div class='flex_cell_inner'><section  class='av_textblock_section av-mhbyypom-8f43d9133ed381b781ca3e4f0dccf4c9 '   itemscope=\"itemscope\" itemtype=\"https:\/\/schema.org\/CreativeWork\" ><div class='avia_textblock'  itemprop=\"text\" ><h1>\u00dcber PR-Doktor<\/h1>\n<p>Kommunikation strategisch neu denken:\u00a0Wie gelingt es, Menschen zu erreichen und zu begeistern? Wie entsteht Nutzen f\u00fcr alle Beteiligten, und wie vermittelt man ihn? Wie werden aus Zielen aussagekr\u00e4ftige Kennzahlen? Wie wird aus einem Konzept ein sinnvoller Plan, und wie f\u00fchrt man diesen zum gew\u00fcnschten Erfolg?<\/p>\n<p>Ich hei\u00dfe Kerstin Hoffmann, und im PR-Doktor teile ich mein Wissen und meine Erfahrungen aus mehr als 25 Jahren.<\/p>\n<p>Als Kommunikations- und Strategieberaterin &#8230;<\/p>\n<p>&#8230; unterst\u00fctze ich Unternehmen und Organisationen, die ihre Kommunikation fundiert neu aufstellen, ver\u00e4ndern, restrukturieren, erfolgreicher gestalten wollen. Mit Workshops, Sparring und praxisnahen Konzepten.<\/p>\n<p>&#8230; konzipiere und begleite ich Corporate-Influencer-Programme, inklusive didaktischem Konzept, Workshops, Schulungen und individueller Kommunikationsberatung.<\/p>\n<p>&#8230; liefere ich Strategien und Konzepte f\u00fcr erfolgreiches Content-Marketing und unterst\u00fctze bei der Umsetzung.<\/p>\n<p>\u2026 erarbeite ich mit Teams in Unternehmen ebenso wie mit Pers\u00f6nlichkeiten zeitgem\u00e4\u00dfe Social-Media-Strategien.<\/p>\n<p>&#8230; halte ich Keynotes und Fachvortr\u00e4ge auf Kongressen und internen Veranstaltungen.<\/p>\n<p><a href=\"https:\/\/www.kerstin-hoffmann.de\/\">Hier geht es zum Beratungs- und Vortragsangebot.<\/a><\/p>\n<\/div><\/section>\n<\/div><\/div><div class='flex_cell av-3ycp-1f66043caa35d3556e3a0df61292ff34 av-gridrow-cell av_one_half no_margin  avia-builder-el-3  el_after_av_cell_one_half  avia-builder-el-last '  ><div class='flex_cell_inner'><p>\n<style type=\"text\/css\" data-created_by=\"avia_inline_auto\" id=\"style-css-av-mhbz21uc-c900863af55f6d85d5db68ffd7d0981c\">\n#top .hr.hr-invisible.av-mhbz21uc-c900863af55f6d85d5db68ffd7d0981c{\nheight:50px;\n}\n<\/style>\n<div  class='hr av-mhbz21uc-c900863af55f6d85d5db68ffd7d0981c hr-invisible  avia-builder-el-4  el_before_av_image  avia-builder-el-first '><span class='hr-inner '><span class=\"hr-inner-style\"><\/span><\/span><\/div><br \/>\n\n<style type=\"text\/css\" data-created_by=\"avia_inline_auto\" id=\"style-css-av-mhbyz2cn-758c66024ecedce83ba03fac634a5553\">\n.avia-image-container.av-mhbyz2cn-758c66024ecedce83ba03fac634a5553 img.avia_image{\nbox-shadow:none;\n}\n.avia-image-container.av-mhbyz2cn-758c66024ecedce83ba03fac634a5553 .av-image-caption-overlay-center{\ncolor:#ffffff;\n}\n<\/style>\n<div  class='avia-image-container av-mhbyz2cn-758c66024ecedce83ba03fac634a5553 av-styling- avia-align-center  avia-builder-el-5  el_after_av_hr  avia-builder-el-last '   itemprop=\"image\" itemscope=\"itemscope\" itemtype=\"https:\/\/schema.org\/ImageObject\" ><div class=\"avia-image-container-inner\"><div class=\"avia-image-overlay-wrap\"><img decoding=\"async\" fetchpriority=\"high\" class='wp-image-31687 avia-img-lazy-loading-not-31687 avia_image ' src=\"https:\/\/www.kerstin-hoffmann.de\/pr-doktor\/wp-content\/uploads\/2025\/10\/kerstin_titel_pr-doktor_2-Kopie.png\" alt='Dr. Kerstin Hoffmann' title='kerstin_titel_pr-doktor_2 Kopie'  height=\"767\" width=\"625\"  itemprop=\"thumbnailUrl\" srcset=\"https:\/\/www.kerstin-hoffmann.de\/pr-doktor\/wp-content\/uploads\/2025\/10\/kerstin_titel_pr-doktor_2-Kopie.png 625w, https:\/\/www.kerstin-hoffmann.de\/pr-doktor\/wp-content\/uploads\/2025\/10\/kerstin_titel_pr-doktor_2-Kopie-244x300.png 244w, https:\/\/www.kerstin-hoffmann.de\/pr-doktor\/wp-content\/uploads\/2025\/10\/kerstin_titel_pr-doktor_2-Kopie-574x705.png 574w\" sizes=\"(max-width: 625px) 100vw, 625px\" \/><\/div><\/div><\/div><\/p>\n<\/div><\/div>\n<\/div><div id='after_grid_row_1'  class='main_color av_default_container_wrap container_wrap fullsize'  ><div class='container av-section-cont-open' ><div class='template-page content  av-content-full alpha units'><div class='post-entry post-entry-type-page post-entry-9'><div class='entry-content-wrapper clearfix'>\n<div  class='flex_column av-44zb-0c4343e9c94fa739aeb0856886b82c4d av_one_full  avia-builder-el-6  el_after_av_layout_row  avia-builder-el-no-sibling  first flex_column_div  '     ><section  class='av_textblock_section av-mhbz0ys3-efa480c0f0845c67036eee37b1de12d6 '   itemscope=\"itemscope\" itemtype=\"https:\/\/schema.org\/CreativeWork\" ><div class='avia_textblock'  itemprop=\"text\" ><p>Alle Inhalte sind mit Sorgfalt, Fachwissen und Liebe zum Detail zusammengestellt. Bitte beachten Sie, dass \u00e4ltere Artikel wom\u00f6glich auf dem Stand des Erscheinungsdatums sind. \u00c4ltere Inhalte werden nach und nach gesichtet und aktualisiert, soweit das sinnvoll erscheint. Sie sind selbst daf\u00fcr verantwortlich, ob und wie Sie Tipps, Rat und Meinung folgen. Die Verfasserin \u00fcbernimmt keine Verantwortung f\u00fcr die Folgen, die sich aus dem Lesen, Anschauen und H\u00f6ren ergeben \u2013 hofft jedoch, dass die Inhalte Sie unternehmerisch, beruflich und pers\u00f6nlich weiterbringen.<\/p>\n<p><strong>Linktausch, redaktioneller Tausch, Pressemitteilungen:<\/strong> Dass der \u201ePR-Doktor&#8220; keine Plattform zum Linktausch, Tausch von redaktionellen Inhalten, zur Ver\u00f6ffentlichung von Gastbeitr\u00e4gen und Pressemitteilungen ist, sollte sich dem aufmerksamen, intelligenten Leser von selbst erschlie\u00dfen. F\u00fcr alle anderen: Der \u201ePR-Doktor&#8220; ist keine Plattform zum Linktausch, Tausch von redaktionellen Inhalten, zur Ver\u00f6ffentlichung von Gastbeitr\u00e4gen und Pressemitteilungen. Bitte schicken Sie keine derartigen Anfragen und Angebote.<\/p>\n<p><strong>Offenlegung:<\/strong> In diesem Online-Magazin verweise ich ggf. auch auf Projekte und Publikationen von eigenen Auftraggebern und Auftragnehmern. Ich bin mit vielen Kolleginnen und Kollegen eng vernetzt. Oft beinhaltet das auch gelegentliche oder dauerhafte Gesch\u00e4ftsverh\u00e4ltnisse. Darauf weise ich nicht bei jedem Link explizit hin, weil dies den Rahmen sprengen w\u00fcrde. Jedoch nehme ich f\u00fcr solche Hinweise und Verlinkungen kein Honorar entgegen, und sie sind nicht Teil der Leistungen f\u00fcr meine Kunden, sondern ich setze sie nur dann, wenn es dem Erkenntnisinteresse des jeweiligen Beitrags zutr\u00e4gt. <em>(Kerstin Hoffmann)<\/em><\/p>\n<\/div><\/section><\/div>\n","protected":false},"excerpt":{"rendered":"","protected":false},"author":3,"featured_media":31687,"parent":0,"menu_order":0,"comment_status":"closed","ping_status":"closed","template":"","meta":{"footnotes":""},"class_list":["post-9","page","type-page","status-publish","has-post-thumbnail","hentry"],"yoast_head":"<!-- This site is optimized with the Yoast SEO plugin v26.9 - https:\/\/yoast.com\/product\/yoast-seo-wordpress\/ -->\n<title>\u00dcber PR-Doktor - PR-Doktor<\/title>\n<meta name=\"robots\" content=\"index, follow, max-snippet:-1, max-image-preview:large, max-video-preview:-1\" \/>\n<link rel=\"canonical\" href=\"https:\/\/www.kerstin-hoffmann.de\/pr-doktor\/ueber-pr-doktor\/\" \/>\n<meta property=\"og:locale\" content=\"de_DE\" \/>\n<meta property=\"og:type\" content=\"article\" \/>\n<meta property=\"og:title\" content=\"\u00dcber PR-Doktor - PR-Doktor\" \/>\n<meta property=\"og:url\" content=\"https:\/\/www.kerstin-hoffmann.de\/pr-doktor\/ueber-pr-doktor\/\" \/>\n<meta property=\"og:site_name\" content=\"PR-Doktor\" \/>\n<meta property=\"article:modified_time\" content=\"2025-10-29T12:29:33+00:00\" \/>\n<meta property=\"og:image\" content=\"https:\/\/www.kerstin-hoffmann.de\/pr-doktor\/wp-content\/uploads\/2025\/10\/kerstin_titel_pr-doktor_2-Kopie.png\" \/>\n\t<meta property=\"og:image:width\" content=\"625\" \/>\n\t<meta property=\"og:image:height\" content=\"767\" \/>\n\t<meta property=\"og:image:type\" content=\"image\/png\" \/>\n<meta name=\"twitter:card\" content=\"summary_large_image\" \/>\n<meta name=\"twitter:label1\" content=\"Gesch\u00e4tzte Lesezeit\" \/>\n\t<meta name=\"twitter:data1\" content=\"3\u00a0Minuten\" \/>\n<script type=\"application\/ld+json\" class=\"yoast-schema-graph\">{\"@context\":\"https:\/\/schema.org\",\"@graph\":[{\"@type\":\"WebPage\",\"@id\":\"https:\/\/www.kerstin-hoffmann.de\/pr-doktor\/ueber-pr-doktor\/\",\"url\":\"https:\/\/www.kerstin-hoffmann.de\/pr-doktor\/ueber-pr-doktor\/\",\"name\":\"\u00dcber PR-Doktor - PR-Doktor\",\"isPartOf\":{\"@id\":\"https:\/\/www.kerstin-hoffmann.de\/pr-doktor\/#website\"},\"primaryImageOfPage\":{\"@id\":\"https:\/\/www.kerstin-hoffmann.de\/pr-doktor\/ueber-pr-doktor\/#primaryimage\"},\"image\":{\"@id\":\"https:\/\/www.kerstin-hoffmann.de\/pr-doktor\/ueber-pr-doktor\/#primaryimage\"},\"thumbnailUrl\":\"https:\/\/www.kerstin-hoffmann.de\/pr-doktor\/wp-content\/uploads\/2025\/10\/kerstin_titel_pr-doktor_2-Kopie.png\",\"datePublished\":\"2007-05-19T20:04:15+00:00\",\"dateModified\":\"2025-10-29T12:29:33+00:00\",\"breadcrumb\":{\"@id\":\"https:\/\/www.kerstin-hoffmann.de\/pr-doktor\/ueber-pr-doktor\/#breadcrumb\"},\"inLanguage\":\"de\",\"potentialAction\":[{\"@type\":\"ReadAction\",\"target\":[\"https:\/\/www.kerstin-hoffmann.de\/pr-doktor\/ueber-pr-doktor\/\"]}]},{\"@type\":\"ImageObject\",\"inLanguage\":\"de\",\"@id\":\"https:\/\/www.kerstin-hoffmann.de\/pr-doktor\/ueber-pr-doktor\/#primaryimage\",\"url\":\"https:\/\/www.kerstin-hoffmann.de\/pr-doktor\/wp-content\/uploads\/2025\/10\/kerstin_titel_pr-doktor_2-Kopie.png\",\"contentUrl\":\"https:\/\/www.kerstin-hoffmann.de\/pr-doktor\/wp-content\/uploads\/2025\/10\/kerstin_titel_pr-doktor_2-Kopie.png\",\"width\":625,\"height\":767,\"caption\":\"Dr. Kerstin Hoffmann\"},{\"@type\":\"BreadcrumbList\",\"@id\":\"https:\/\/www.kerstin-hoffmann.de\/pr-doktor\/ueber-pr-doktor\/#breadcrumb\",\"itemListElement\":[{\"@type\":\"ListItem\",\"position\":1,\"name\":\"Start\",\"item\":\"https:\/\/www.kerstin-hoffmann.de\/pr-doktor\/start\/\"},{\"@type\":\"ListItem\",\"position\":2,\"name\":\"\u00dcber PR-Doktor\"}]},{\"@type\":\"WebSite\",\"@id\":\"https:\/\/www.kerstin-hoffmann.de\/pr-doktor\/#website\",\"url\":\"https:\/\/www.kerstin-hoffmann.de\/pr-doktor\/\",\"name\":\"PR-Doktor\",\"description\":\"Magazin f\u00fcr Kommunikation und Marketing\",\"potentialAction\":[{\"@type\":\"SearchAction\",\"target\":{\"@type\":\"EntryPoint\",\"urlTemplate\":\"https:\/\/www.kerstin-hoffmann.de\/pr-doktor\/?s={search_term_string}\"},\"query-input\":{\"@type\":\"PropertyValueSpecification\",\"valueRequired\":true,\"valueName\":\"search_term_string\"}}],\"inLanguage\":\"de\"}]}<\/script>\n<!-- \/ Yoast SEO plugin. -->","yoast_head_json":{"title":"\u00dcber PR-Doktor - PR-Doktor","robots":{"index":"index","follow":"follow","max-snippet":"max-snippet:-1","max-image-preview":"max-image-preview:large","max-video-preview":"max-video-preview:-1"},"canonical":"https:\/\/www.kerstin-hoffmann.de\/pr-doktor\/ueber-pr-doktor\/","og_locale":"de_DE","og_type":"article","og_title":"\u00dcber PR-Doktor - PR-Doktor","og_url":"https:\/\/www.kerstin-hoffmann.de\/pr-doktor\/ueber-pr-doktor\/","og_site_name":"PR-Doktor","article_modified_time":"2025-10-29T12:29:33+00:00","og_image":[{"width":625,"height":767,"url":"https:\/\/www.kerstin-hoffmann.de\/pr-doktor\/wp-content\/uploads\/2025\/10\/kerstin_titel_pr-doktor_2-Kopie.png","type":"image\/png"}],"twitter_card":"summary_large_image","twitter_misc":{"Gesch\u00e4tzte Lesezeit":"3\u00a0Minuten"},"schema":{"@context":"https:\/\/schema.org","@graph":[{"@type":"WebPage","@id":"https:\/\/www.kerstin-hoffmann.de\/pr-doktor\/ueber-pr-doktor\/","url":"https:\/\/www.kerstin-hoffmann.de\/pr-doktor\/ueber-pr-doktor\/","name":"\u00dcber PR-Doktor - PR-Doktor","isPartOf":{"@id":"https:\/\/www.kerstin-hoffmann.de\/pr-doktor\/#website"},"primaryImageOfPage":{"@id":"https:\/\/www.kerstin-hoffmann.de\/pr-doktor\/ueber-pr-doktor\/#primaryimage"},"image":{"@id":"https:\/\/www.kerstin-hoffmann.de\/pr-doktor\/ueber-pr-doktor\/#primaryimage"},"thumbnailUrl":"https:\/\/www.kerstin-hoffmann.de\/pr-doktor\/wp-content\/uploads\/2025\/10\/kerstin_titel_pr-doktor_2-Kopie.png","datePublished":"2007-05-19T20:04:15+00:00","dateModified":"2025-10-29T12:29:33+00:00","breadcrumb":{"@id":"https:\/\/www.kerstin-hoffmann.de\/pr-doktor\/ueber-pr-doktor\/#breadcrumb"},"inLanguage":"de","potentialAction":[{"@type":"ReadAction","target":["https:\/\/www.kerstin-hoffmann.de\/pr-doktor\/ueber-pr-doktor\/"]}]},{"@type":"ImageObject","inLanguage":"de","@id":"https:\/\/www.kerstin-hoffmann.de\/pr-doktor\/ueber-pr-doktor\/#primaryimage","url":"https:\/\/www.kerstin-hoffmann.de\/pr-doktor\/wp-content\/uploads\/2025\/10\/kerstin_titel_pr-doktor_2-Kopie.png","contentUrl":"https:\/\/www.kerstin-hoffmann.de\/pr-doktor\/wp-content\/uploads\/2025\/10\/kerstin_titel_pr-doktor_2-Kopie.png","width":625,"height":767,"caption":"Dr. Kerstin Hoffmann"},{"@type":"BreadcrumbList","@id":"https:\/\/www.kerstin-hoffmann.de\/pr-doktor\/ueber-pr-doktor\/#breadcrumb","itemListElement":[{"@type":"ListItem","position":1,"name":"Start","item":"https:\/\/www.kerstin-hoffmann.de\/pr-doktor\/start\/"},{"@type":"ListItem","position":2,"name":"\u00dcber PR-Doktor"}]},{"@type":"WebSite","@id":"https:\/\/www.kerstin-hoffmann.de\/pr-doktor\/#website","url":"https:\/\/www.kerstin-hoffmann.de\/pr-doktor\/","name":"PR-Doktor","description":"Magazin f\u00fcr Kommunikation und Marketing","potentialAction":[{"@type":"SearchAction","target":{"@type":"EntryPoint","urlTemplate":"https:\/\/www.kerstin-hoffmann.de\/pr-doktor\/?s={search_term_string}"},"query-input":{"@type":"PropertyValueSpecification","valueRequired":true,"valueName":"search_term_string"}}],"inLanguage":"de"}]}},"_links":{"self":[{"href":"https:\/\/www.kerstin-hoffmann.de\/pr-doktor\/wp-json\/wp\/v2\/pages\/9","targetHints":{"allow":["GET"]}}],"collection":[{"href":"https:\/\/www.kerstin-hoffmann.de\/pr-doktor\/wp-json\/wp\/v2\/pages"}],"about":[{"href":"https:\/\/www.kerstin-hoffmann.de\/pr-doktor\/wp-json\/wp\/v2\/types\/page"}],"author":[{"embeddable":true,"href":"https:\/\/www.kerstin-hoffmann.de\/pr-doktor\/wp-json\/wp\/v2\/users\/3"}],"replies":[{"embeddable":true,"href":"https:\/\/www.kerstin-hoffmann.de\/pr-doktor\/wp-json\/wp\/v2\/comments?post=9"}],"version-history":[{"count":0,"href":"https:\/\/www.kerstin-hoffmann.de\/pr-doktor\/wp-json\/wp\/v2\/pages\/9\/revisions"}],"wp:featuredmedia":[{"embeddable":true,"href":"https:\/\/www.kerstin-hoffmann.de\/pr-doktor\/wp-json\/wp\/v2\/media\/31687"}],"wp:attachment":[{"href":"https:\/\/www.kerstin-hoffmann.de\/pr-doktor\/wp-json\/wp\/v2\/media?parent=9"}],"curies":[{"name":"wp","href":"https:\/\/api.w.org\/{rel}","templated":true}]}}